{"id":330,"date":"2018-02-20T10:59:07","date_gmt":"2018-02-20T10:59:07","guid":{"rendered":"https:\/\/growheregbg.wpengine.com\/registration\/"},"modified":"2018-02-20T10:59:07","modified_gmt":"2018-02-20T10:59:07","slug":"registration","status":"publish","type":"page","link":"https:\/\/grow-here.com\/en\/registration\/","title":{"rendered":"User Registration"},"content":{"rendered":"\n<div class=\"registration-style\">\n<div class=\"row\">\n\n\t<div id=\"iv-form3\" class=\"col-md-12\">\n\t\t\t\t\t\t<form id=\"uou_tigerp_registration\" name=\"uou_tigerp_registration\" class=\"form-horizontal\" action=\"https:\/\/grow-here.com\/en\/registration\/?&package_id=&payment_gateway=stripe&iv-submit-stripe=register\" method=\"post\" role=\"form\">\n\n\t\t\t\t<input type=\"hidden\" name=\"payment_gateway\" id=\"payment_gateway\" value=\"stripe\">\n\t\t\t\t<input type=\"hidden\" name=\"iv-submit-stripe\" id=\"iv-submit-stripe\" value=\"register\">\n\t\t\n\n\t<div class=\"content\">\n\t\t\t<h3  class=\"form-title\">User Information<\/h3>\n\t\t\t<div class=\"form-content\">\n\n\t\t\t<div class=\"\">\n\n\n\t\t\t\t\t<div class=\"col-md-12\">\n\t\t\t\t\t\t\n\t<!--\n\t\tFor Form Validation we used plugins http:\/\/formvalidator.net\/index.html#reg-form\n\t\tThis is in line validation so you can add fields easily.\n\t-->\n\n\n\n\t\t\t\t\t\t<div id=\"selected-column-1\" class=\" \">\n\t\t\t\t\t\t<div class=\"text-center\" id=\"loading\"> <\/div>\n\n          <div class=\"form-group row\"  >                  \n<!--             <label for=\"text\" class=\"col-md-3 control-label\">Type<span class=\"chili\"><\/span><\/label>\n            <div class=\"col-md-9\">\n              <label class=\"radio-type\"><input type=\"radio\"  name=\"iv_member_type\"  id=\"iv_member_type_individiual\" value=\"individual\" checked data-validation-error-msg=\" Select user Type\" class=\"form-control ctrl-textbox\"   data-validation=\"required\" >Individual <\/label>\n            <\/div>\n            <div class=\"col-md-3\"><\/div>\n            <div class=\"col-md-9\">\n              <label class=\"radio-type\"><input type=\"radio\"  name=\"iv_member_type\"  id=\"iv_member_type_company\" value=\"company\"  data-validation-error-msg=\"Select user Type\" class=\"form-control ctrl-textbox\"     data-validation=\"required\">Company <\/label>\n            <\/div>\n -->            <input type=\"hidden\" name=\"iv_member_type\" value=\"individual\">\n          <\/div>\n\n\t\t\t\t\t<div class=\"form-group row\"  >\n\t\t\t\t\t\t<label for=\"text\" class=\"col-md-3 control-label\">Display Name<span class=\"chili\"><\/span><\/label>\n\t\t\t\t\t\t<div class=\"col-md-9\">\n\t\t\t\t\t\t\t<input type=\"text\" id=\"full_name\"  name=\"full_name\"  data-validation=\"required\"  placeholder=\"Full Name\"  data-validation-error-msg=\"Please enter Name \">\n\n\t\t\t\t\t\t<\/div>\n\t\t\t\t\t<\/div>\n\n\t\t\t\t\t<div class=\"form-group row\">\n\t\t\t\t\t\t<label for=\"email\" class=\"col-md-3 control-label\" >Email Address<span class=\"chili\"><\/span><\/label>\n\t\t\t\t\t\t<div class=\"col-md-9\">\n\t\t\t\t\t\t\t<input type=\"email\" name=\"iv_member_email\" data-validation=\"email\"  class=\"form-control ctrl-textbox\" placeholder=\"Enter email address\" data-validation-error-msg=\"Please enter a valid email address \" >\n\t\t\t\t\t\t<\/div>\n\t\t\t\t\t<\/div>\n\n\t\t\t\t\t\t<div class=\"form-group row\"  >\n\t\t\t\t\t\t<label for=\"text\" class=\"col-md-3 control-label\">User Name<span class=\"chili\"><\/span><\/label>\n\t\t\t\t\t\t<div class=\"col-md-9\">\n\t\t\t\t\t\t\t<input type=\"text\"  name=\"iv_member_user_name\"  data-validation=\"length alphanumeric\"\ndata-validation-length=\"4-12\" data-validation-error-msg=\" The user name has to be an alphanumeric value between 4-12 characters\" class=\"form-control ctrl-textbox\" placeholder=\"Enter User Name\"  alt=\"required\">\n\n\t\t\t\t\t\t<\/div>\n\t\t\t\t\t<\/div>\n\n\n\t\t\t\t\t<div class=\"form-group row \">\n\t\t\t\t\t\t<label for=\"text\" class=\"col-md-3 control-label\">Password<span class=\"chili\"><\/span><\/label>\n\t\t\t\t\t\t<div class=\"col-md-9\">\n\t\t\t\t\t\t\t<input type=\"password\" name=\"iv_member_password\"  class=\"form-control ctrl-textbox\" placeholder=\"\" data-validation=\"strength\"\n\t\t data-validation-strength=\"2\">\n\t\t\t\t\t\t<\/div>\n\t\t\t\t\t<\/div>\n\t\t\t\t\t\t\t\t\t\t<div class=\"form-group row \">\n\t\t\t\t\t\t<label for=\"text\" class=\"col-md-3 control-label\">Country<span class=\"chili\"><\/span><\/label>\n\t\t\t\t\t\t<div class=\"col-md-9\">\n\t\t\t\t\t\t\t<select name=\"country_select\" id =\"country_select\" class=\" form-control\" data-validation=\"required\"\n\t\t data-validation-error-msg=\"Please select your country\">\n\t\t\t\t\t\t\t\t<option value=\"\" >Select Country<\/option><option value=\"AF\" >Afghanistan (\u202b\u0627\u0641\u063a\u0627\u0646\u0633\u062a\u0627\u0646\u202c\u200e)<\/option><option value=\"AX\" >\u00c5land Islands (\u00c5land)<\/option><option value=\"AL\" >Albania (Shqip\u00ebri)<\/option><option value=\"DZ\" >Algeria (\u202b\u0627\u0644\u062c\u0632\u0627\u0626\u0631\u202c\u200e)<\/option><option value=\"AS\" >American Samoa<\/option><option value=\"AD\" >Andorra<\/option><option value=\"AO\" >Angola<\/option><option value=\"AI\" >Anguilla<\/option><option value=\"AQ\" >Antarctica<\/option><option value=\"AG\" >Antigua and Barbuda<\/option><option value=\"AR\" >Argentina<\/option><option value=\"AM\" >Armenia (\u0540\u0561\u0575\u0561\u057d\u057f\u0561\u0576)<\/option><option value=\"AW\" >Aruba<\/option><option value=\"AC\" >Ascension Island<\/option><option value=\"AU\" >Australia<\/option><option value=\"AT\" >Austria (\u00d6sterreich)<\/option><option value=\"AZ\" >Azerbaijan (Az\u0259rbaycan)<\/option><option value=\"BS\" >Bahamas<\/option><option value=\"BH\" >Bahrain (\u202b\u0627\u0644\u0628\u062d\u0631\u064a\u0646\u202c\u200e)<\/option><option value=\"BD\" >Bangladesh (\u09ac\u09be\u0982\u09b2\u09be\u09a6\u09c7\u09b6)<\/option><option value=\"BB\" >Barbados<\/option><option value=\"BY\" >Belarus (\u0411\u0435\u043b\u0430\u0440\u0443\u0441\u044c)<\/option><option value=\"BE\" >Belgium (Belgi\u00eb)<\/option><option value=\"BZ\" >Belize<\/option><option value=\"BJ\" >Benin (B\u00e9nin)<\/option><option value=\"BM\" >Bermuda<\/option><option value=\"BT\" >Bhutan (\u0f60\u0f56\u0fb2\u0f74\u0f42)<\/option><option value=\"BO\" >Bolivia<\/option><option value=\"BA\" >Bosnia and Herzegovina (\u0411\u043e\u0441\u043d\u0430 \u0438 \u0425\u0435\u0440\u0446\u0435\u0433\u043e\u0432\u0438\u043d\u0430)<\/option><option value=\"BW\" >Botswana<\/option><option value=\"BV\" >Bouvet Island<\/option><option value=\"BR\" >Brazil (Brasil)<\/option><option value=\"IO\" >British Indian Ocean Territory<\/option><option value=\"VG\" >British Virgin Islands<\/option><option value=\"BN\" >Brunei<\/option><option value=\"BG\" >Bulgaria (\u0411\u044a\u043b\u0433\u0430\u0440\u0438\u044f)<\/option><option value=\"BF\" >Burkina Faso<\/option><option value=\"BI\" >Burundi (Uburundi)<\/option><option value=\"KH\" >Cambodia (\u1780\u1798\u17d2\u1796\u17bb\u1787\u17b6)<\/option><option value=\"CM\" >Cameroon (Cameroun)<\/option><option value=\"CA\" >Canada<\/option><option value=\"IC\" >Canary Islands (islas Canarias)<\/option><option value=\"CV\" >Cape Verde (Kabu Verdi)<\/option><option value=\"BQ\" >Caribbean Netherlands<\/option><option value=\"KY\" >Cayman Islands<\/option><option value=\"CF\" >Central African Republic (R\u00e9publique centrafricaine)<\/option><option value=\"EA\" >Ceuta and Melilla (Ceuta y Melilla)<\/option><option value=\"TD\" >Chad (Tchad)<\/option><option value=\"CL\" >Chile<\/option><option value=\"CN\" >China (\u4e2d\u56fd)<\/option><option value=\"CX\" >Christmas Island<\/option><option value=\"CP\" >Clipperton Island<\/option><option value=\"CC\" >Cocos (Keeling) Islands (Kepulauan Cocos (Keeling))<\/option><option value=\"CO\" >Colombia<\/option><option value=\"KM\" >Comoros (\u202b\u062c\u0632\u0631 \u0627\u0644\u0642\u0645\u0631\u202c\u200e)<\/option><option value=\"CD\" >Congo (DRC) (Jamhuri ya Kidemokrasia ya Kongo)<\/option><option value=\"CG\" >Congo (Republic) (Congo-Brazzaville)<\/option><option value=\"CK\" >Cook Islands<\/option><option value=\"CR\" >Costa Rica<\/option><option value=\"CI\" >C\u00f4te d\u2019Ivoire<\/option><option value=\"HR\" >Croatia (Hrvatska)<\/option><option value=\"CU\" >Cuba<\/option><option value=\"CW\" >Cura\u00e7ao<\/option><option value=\"CY\" >Cyprus (\u039a\u03cd\u03c0\u03c1\u03bf\u03c2)<\/option><option value=\"CZ\" >Czech Republic (\u010cesk\u00e1 republika)<\/option><option value=\"DK\" >Denmark (Danmark)<\/option><option value=\"DG\" >Diego Garcia<\/option><option value=\"DJ\" >Djibouti<\/option><option value=\"DM\" >Dominica<\/option><option value=\"DO\" >Dominican Republic (Rep\u00fablica Dominicana)<\/option><option value=\"EC\" >Ecuador<\/option><option value=\"EG\" >Egypt (\u202b\u0645\u0635\u0631\u202c\u200e)<\/option><option value=\"SV\" >El Salvador<\/option><option value=\"GQ\" >Equatorial Guinea (Guinea Ecuatorial)<\/option><option value=\"ER\" >Eritrea<\/option><option value=\"EE\" >Estonia (Eesti)<\/option><option value=\"ET\" >Ethiopia<\/option><option value=\"FK\" >Falkland Islands (Islas Malvinas)<\/option><option value=\"FO\" >Faroe Islands (F\u00f8royar)<\/option><option value=\"FJ\" >Fiji<\/option><option value=\"FI\" >Finland (Suomi)<\/option><option value=\"FR\" >France<\/option><option value=\"GF\" >French Guiana (Guyane fran\u00e7aise)<\/option><option value=\"PF\" >French Polynesia (Polyn\u00e9sie fran\u00e7aise)<\/option><option value=\"TF\" >French Southern Territories (Terres australes fran\u00e7aises)<\/option><option value=\"GA\" >Gabon<\/option><option value=\"GM\" >Gambia<\/option><option value=\"GE\" >Georgia (\u10e1\u10d0\u10e5\u10d0\u10e0\u10d7\u10d5\u10d4\u10da\u10dd)<\/option><option value=\"DE\" >Germany (Deutschland)<\/option><option value=\"GH\" >Ghana (Gaana)<\/option><option value=\"GI\" >Gibraltar<\/option><option value=\"GR\" >Greece (\u0395\u03bb\u03bb\u03ac\u03b4\u03b1)<\/option><option value=\"GL\" >Greenland (Kalaallit Nunaat)<\/option><option value=\"GD\" >Grenada<\/option><option value=\"GP\" >Guadeloupe<\/option><option value=\"GU\" >Guam<\/option><option value=\"GT\" >Guatemala<\/option><option value=\"GG\" >Guernsey<\/option><option value=\"GN\" >Guinea (Guin\u00e9e)<\/option><option value=\"GW\" >Guinea-Bissau (Guin\u00e9 Bissau)<\/option><option value=\"GY\" >Guyana<\/option><option value=\"HT\" >Haiti<\/option><option value=\"HM\" >Heard & McDonald Islands<\/option><option value=\"HN\" >Honduras<\/option><option value=\"HK\" >Hong Kong (\u9999\u6e2f)<\/option><option value=\"HU\" >Hungary (Magyarorsz\u00e1g)<\/option><option value=\"IS\" >Iceland (\u00cdsland)<\/option><option value=\"IN\" >India (\u092d\u093e\u0930\u0924)<\/option><option value=\"ID\" >Indonesia<\/option><option value=\"IR\" >Iran (\u202b\u0627\u06cc\u0631\u0627\u0646\u202c\u200e)<\/option><option value=\"IQ\" >Iraq (\u202b\u0627\u0644\u0639\u0631\u0627\u0642\u202c\u200e)<\/option><option value=\"IE\" >Ireland<\/option><option value=\"IM\" >Isle of Man<\/option><option value=\"IL\" >Israel (\u202b\u05d9\u05e9\u05e8\u05d0\u05dc\u202c\u200e)<\/option><option value=\"IT\" >Italy (Italia)<\/option><option value=\"JM\" >Jamaica<\/option><option value=\"JP\" >Japan (\u65e5\u672c)<\/option><option value=\"JE\" >Jersey<\/option><option value=\"JO\" >Jordan (\u202b\u0627\u0644\u0623\u0631\u062f\u0646\u202c\u200e)<\/option><option value=\"KZ\" >Kazakhstan (\u041a\u0430\u0437\u0430\u0445\u0441\u0442\u0430\u043d)<\/option><option value=\"KE\" >Kenya<\/option><option value=\"KI\" >Kiribati<\/option><option value=\"XK\" >Kosovo (Kosov\u00eb)<\/option><option value=\"KW\" >Kuwait (\u202b\u0627\u0644\u0643\u0648\u064a\u062a\u202c\u200e)<\/option><option value=\"KG\" >Kyrgyzstan (\u041a\u044b\u0440\u0433\u044b\u0437\u0441\u0442\u0430\u043d)<\/option><option value=\"LA\" >Laos (\u0ea5\u0eb2\u0ea7)<\/option><option value=\"LV\" >Latvia (Latvija)<\/option><option value=\"LB\" >Lebanon (\u202b\u0644\u0628\u0646\u0627\u0646\u202c\u200e)<\/option><option value=\"LS\" >Lesotho<\/option><option value=\"LR\" >Liberia<\/option><option value=\"LY\" >Libya (\u202b\u0644\u064a\u0628\u064a\u0627\u202c\u200e)<\/option><option value=\"LI\" >Liechtenstein<\/option><option value=\"LT\" >Lithuania (Lietuva)<\/option><option value=\"LU\" >Luxembourg<\/option><option value=\"MO\" >Macau (\u6fb3\u9580)<\/option><option value=\"MK\" >Macedonia (FYROM) (\u041c\u0430\u043a\u0435\u0434\u043e\u043d\u0438\u0458\u0430)<\/option><option value=\"MG\" >Madagascar (Madagasikara)<\/option><option value=\"MW\" >Malawi<\/option><option value=\"MY\" >Malaysia<\/option><option value=\"MV\" >Maldives<\/option><option value=\"ML\" >Mali<\/option><option value=\"MT\" >Malta<\/option><option value=\"MH\" >Marshall Islands<\/option><option value=\"MQ\" >Martinique<\/option><option value=\"MR\" >Mauritania (\u202b\u0645\u0648\u0631\u064a\u062a\u0627\u0646\u064a\u0627\u202c\u200e)<\/option><option value=\"MU\" >Mauritius (Moris)<\/option><option value=\"YT\" >Mayotte<\/option><option value=\"MX\" >Mexico (M\u00e9xico)<\/option><option value=\"FM\" >Micronesia<\/option><option value=\"MD\" >Moldova (Republica Moldova)<\/option><option value=\"MC\" >Monaco<\/option><option value=\"MN\" >Mongolia (\u041c\u043e\u043d\u0433\u043e\u043b)<\/option><option value=\"ME\" >Montenegro (Crna Gora)<\/option><option value=\"MS\" >Montserrat<\/option><option value=\"MA\" >Morocco (\u202b\u0627\u0644\u0645\u063a\u0631\u0628\u202c\u200e)<\/option><option value=\"MZ\" >Mozambique (Mo\u00e7ambique)<\/option><option value=\"MM\" >Myanmar (Burma) (\u1019\u103c\u1014\u103a\u1019\u102c)<\/option><option value=\"NA\" >Namibia (Namibi\u00eb)<\/option><option value=\"NR\" >Nauru<\/option><option value=\"NP\" >Nepal (\u0928\u0947\u092a\u093e\u0932)<\/option><option value=\"NL\" >Netherlands (Nederland)<\/option><option value=\"NC\" >New Caledonia (Nouvelle-Cal\u00e9donie)<\/option><option value=\"NZ\" >New Zealand<\/option><option value=\"NI\" >Nicaragua<\/option><option value=\"NE\" >Niger (Nijar)<\/option><option value=\"NG\" >Nigeria<\/option><option value=\"NU\" >Niue<\/option><option value=\"NF\" >Norfolk Island<\/option><option value=\"MP\" >Northern Mariana Islands<\/option><option value=\"KP\" >North Korea (\uc870\uc120 \ubbfc\uc8fc\uc8fc\uc758 \uc778\ubbfc \uacf5\ud654\uad6d)<\/option><option value=\"NO\" >Norway (Norge)<\/option><option value=\"OM\" >Oman (\u202b\u0639\u064f\u0645\u0627\u0646\u202c\u200e)<\/option><option value=\"PK\" >Pakistan (\u202b\u067e\u0627\u06a9\u0633\u062a\u0627\u0646\u202c\u200e)<\/option><option value=\"PW\" >Palau<\/option><option value=\"PS\" >Palestine (\u202b\u0641\u0644\u0633\u0637\u064a\u0646\u202c\u200e)<\/option><option value=\"PA\" >Panama (Panam\u00e1)<\/option><option value=\"PG\" >Papua New Guinea<\/option><option value=\"PY\" >Paraguay<\/option><option value=\"PE\" >Peru (Per\u00fa)<\/option><option value=\"PH\" >Philippines<\/option><option value=\"PN\" >Pitcairn Islands<\/option><option value=\"PL\" >Poland (Polska)<\/option><option value=\"PT\" >Portugal<\/option><option value=\"PR\" >Puerto Rico<\/option><option value=\"QA\" >Qatar (\u202b\u0642\u0637\u0631\u202c\u200e)<\/option><option value=\"RE\" >R\u00e9union (La R\u00e9union)<\/option><option value=\"RO\" >Romania (Rom\u00e2nia)<\/option><option value=\"RU\" >Russia (\u0420\u043e\u0441\u0441\u0438\u044f)<\/option><option value=\"RW\" >Rwanda<\/option><option value=\"BL\" >Saint Barth\u00e9lemy (Saint-Barth\u00e9lemy)<\/option><option value=\"SH\" >Saint Helena<\/option><option value=\"KN\" >Saint Kitts and Nevis<\/option><option value=\"LC\" >Saint Lucia<\/option><option value=\"MF\" >Saint Martin (Saint-Martin (partie fran\u00e7aise))<\/option><option value=\"PM\" >Saint Pierre and Miquelon (Saint-Pierre-et-Miquelon)<\/option><option value=\"WS\" >Samoa<\/option><option value=\"SM\" >San Marino<\/option><option value=\"ST\" >S\u00e3o Tom\u00e9 and Pr\u00edncipe (S\u00e3o Tom\u00e9 e Pr\u00edncipe)<\/option><option value=\"SA\" >Saudi Arabia (\u202b\u0627\u0644\u0645\u0645\u0644\u0643\u0629 \u0627\u0644\u0639\u0631\u0628\u064a\u0629 \u0627\u0644\u0633\u0639\u0648\u062f\u064a\u0629\u202c\u200e)<\/option><option value=\"SN\" >Senegal (S\u00e9n\u00e9gal)<\/option><option value=\"RS\" >Serbia (\u0421\u0440\u0431\u0438\u0458\u0430)<\/option><option value=\"SC\" >Seychelles<\/option><option value=\"SL\" >Sierra Leone<\/option><option value=\"SG\" >Singapore<\/option><option value=\"SX\" >Sint Maarten<\/option><option value=\"SK\" >Slovakia (Slovensko)<\/option><option value=\"SI\" >Slovenia (Slovenija)<\/option><option value=\"SB\" >Solomon Islands<\/option><option value=\"SO\" >Somalia (Soomaaliya)<\/option><option value=\"ZA\" >South Africa<\/option><option value=\"GS\" >South Georgia & South Sandwich Islands<\/option><option value=\"KR\" >South Korea (\ub300\ud55c\ubbfc\uad6d)<\/option><option value=\"SS\" >South Sudan (\u202b\u062c\u0646\u0648\u0628 \u0627\u0644\u0633\u0648\u062f\u0627\u0646\u202c\u200e)<\/option><option value=\"ES\" >Spain (Espa\u00f1a)<\/option><option value=\"LK\" >Sri Lanka (\u0dc1\u0dca\u200d\u0dbb\u0dd3 \u0dbd\u0d82\u0d9a\u0dcf\u0dc0)<\/option><option value=\"VC\" >St. Vincent & Grenadines<\/option><option value=\"SD\" >Sudan (\u202b\u0627\u0644\u0633\u0648\u062f\u0627\u0646\u202c\u200e)<\/option><option value=\"SR\" >Suriname<\/option><option value=\"SJ\" >Svalbard and Jan Mayen (Svalbard og Jan Mayen)<\/option><option value=\"SZ\" >Swaziland<\/option><option value=\"SE\" >Sweden (Sverige)<\/option><option value=\"CH\" >Switzerland (Schweiz)<\/option><option value=\"SY\" >Syria (\u202b\u0633\u0648\u0631\u064a\u0627\u202c\u200e)<\/option><option value=\"TW\" >Taiwan (\u53f0\u7063)<\/option><option value=\"TJ\" >Tajikistan<\/option><option value=\"TZ\" >Tanzania<\/option><option value=\"TH\" >Thailand (\u0e44\u0e17\u0e22)<\/option><option value=\"TL\" >Timor-Leste<\/option><option value=\"TG\" >Togo<\/option><option value=\"TK\" >Tokelau<\/option><option value=\"TO\" >Tonga<\/option><option value=\"TT\" >Trinidad and Tobago<\/option><option value=\"TA\" >Tristan da Cunha<\/option><option value=\"TN\" >Tunisia (\u202b\u062a\u0648\u0646\u0633\u202c\u200e)<\/option><option value=\"TR\" >Turkey (T\u00fcrkiye)<\/option><option value=\"TM\" >Turkmenistan<\/option><option value=\"TC\" >Turks and Caicos Islands<\/option><option value=\"TV\" >Tuvalu<\/option><option value=\"UM\" >U.S. Outlying Islands<\/option><option value=\"VI\" >U.S. Virgin Islands<\/option><option value=\"UG\" >Uganda<\/option><option value=\"UA\" >Ukraine (\u0423\u043a\u0440\u0430\u0457\u043d\u0430)<\/option><option value=\"AE\" >United Arab Emirates (\u202b\u0627\u0644\u0625\u0645\u0627\u0631\u0627\u062a \u0627\u0644\u0639\u0631\u0628\u064a\u0629 \u0627\u0644\u0645\u062a\u062d\u062f\u0629\u202c\u200e)<\/option><option value=\"GB\" >United Kingdom<\/option><option value=\"US\" >United States<\/option><option value=\"UY\" >Uruguay<\/option><option value=\"UZ\" >Uzbekistan (O\u02bbzbekiston)<\/option><option value=\"VU\" >Vanuatu<\/option><option value=\"VA\" >Vatican City (Citt\u00e0 del Vaticano)<\/option><option value=\"VE\" >Venezuela<\/option><option value=\"VN\" >Vietnam (Vi\u1ec7t Nam)<\/option><option value=\"WF\" >Wallis and Futuna<\/option><option value=\"EH\" >Western Sahara (\u202b\u0627\u0644\u0635\u062d\u0631\u0627\u0621 \u0627\u0644\u063a\u0631\u0628\u064a\u0629\u202c\u200e)<\/option><option value=\"YE\" >Yemen (\u202b\u0627\u0644\u064a\u0645\u0646\u202c\u200e)<\/option><option value=\"ZM\" >Zambia<\/option><option value=\"ZW\" >Zimbabwe<\/option>\t\t\t\t\t\t\t<\/select>\n\n\t\t\t\t\t\t<\/div>\n\t\t\t\t\t<\/div>\n\n\t\t\t\t\t\t\t\t\t\t<\/div>\n\n\n\n\t\t\t\t\t<input type=\"hidden\" name=\"hidden_form_name\" id=\"hidden_form_name\" value=\"uou_tigerp_registration\">\n\n              <\/div>\n\t\t\t\n\n\n\n\t\t\t<\/div>\n\n         <\/div>\n\t<\/div>\n\n\t\t \n\n\t\t\t<div class=\"content\">\n\t\t\t\t\t<h3 class=\"form-title\">Payment Info<\/h3>\n\n\t\t\t\t\t<div class=\"col-md-12\">\n\t\t\t\t\t\t<div class=\"form-content\">\n\t\t\t\t\t\t\t\n  <div id=\"payment-errors\"><\/div>\n\n      <div class=\"row form-group\">\n                    <label for=\"text\" class=\"col-md-3 control-label\">Package Name<\/label>\n                    <div class=\"col-md-9 \" id=\"package_div\">                                        \n                                        \n                          <label class=\"control-label\"> <\/label>                      <\/div>\n                    \n                    <\/div>\n              <div class=\"row form-group\">\n                <label for=\"text\" class=\"col-md-3 control-label\">Amount<\/label>\n                \n                <div class=\"col-md-9 \" id=\"p_amount\"> <label class=\"control-label\">  SEK per month (charged annually) <\/label>\n                <\/div>                    \n              <\/div>\n                                    \n      <div class=\"row form-group\">\n                <label for=\"text\" class=\"col-md-3 control-label\">Total<\/label>                        \n                                        \n                <div class=\"col-md-9\" id=\"total\"><label class=\"control-label\">  0 SEK per year (VAT inclusive)<\/label>\n                <\/div>                    \n      <\/div>        \n\n\n                      \n                <div class=\"row\">\n                      <div class=\"col-md-12 term-condition\"> \n                    <label>\n                      <input type=\"checkbox\" data-validation=\"required\" \n     data-validation-error-msg=\"You have to agree to our privacy policy\"  name=\"check_privacy\" id=\"check_privacy\"> \n      I have read &amp; accept the <a href=\"https:\/\/grow-here.com\/en\/privacy-policy\/\"> privacy policy<\/a> and the <a href=\"https:\/\/grow-here.com\/en\/terms-and-conditions\/\"> Terms & Conditions<\/a>                    <\/label>\n                    \n                          \n                    <\/div>                  \n                <\/div>\n                <div class=\"row\">\n                    <div class=\"col-md-12\">\n                      <div class=\"g-recaptcha\" data-sitekey=\"6LcW8MAUAAAAAPX3VMCdb7wb1UAtyz0O8_qAaFP-\"><\/div>\n                    <\/div>\n                <\/div>\n\n                  \n        \n      <input type=\"hidden\" name=\"package_id\" id=\"package_id\" value=\"\">\n      <input type=\"hidden\" name=\"form_reg\" id=\"form_reg\" value=\"\">\n      <input type=\"hidden\" name=\"action\" value=\"stripe\"\/>\n      <input type=\"hidden\" name=\"redirect\" value=\"https:\/\/grow-here.com\/en\/registration\/\"\/>\n      <input type=\"hidden\" name=\"stripe_nonce\" value=\"7c4d199261\"\/>\n      \n    \n      <div class=\"row form-group\">\n        <div class=\"col-md-12 \" > \n         <div id=\"loading-3\" style=\"display: none;\"><img src='https:\/\/grow-here.com\/wp-content\/plugins\/quick-finder-membership\/admin\/files\/images\/loader.gif' \/><\/div>\n          <button  id=\"submit_uou_tigerp_payment\"  type=\"submit\" class=\"btn btn-info ctrl-btn\"  > Submit <\/button>\n        <\/div>\n    <\/div>  \n  \n\n    \n    \n\t\t\t\t\t\t<\/div>\n\t\t\t\t\t<\/div>\n\t\t\t\t<\/div>\n\t\t\t\t\t<\/form>\n\t\t<div style=\"display: none;\">\n\t\t\t<img src='https:\/\/grow-here.com\/wp-content\/plugins\/quick-finder-membership\/admin\/files\/images\/loader.gif' \/>\n\t\t<\/div>\n\t<\/div>\n\t<\/div>\n<\/div>\n\n\n","protected":false},"excerpt":{"rendered":"","protected":false},"author":1,"featured_media":0,"parent":0,"menu_order":0,"comment_status":"closed","ping_status":"closed","template":"templates\/full-width-page.php","meta":{"footnotes":""},"class_list":["post-330","page","type-page","status-publish","hentry"],"_links":{"self":[{"href":"https:\/\/grow-here.com\/en\/wp-json\/wp\/v2\/pages\/330","targetHints":{"allow":["GET"]}}],"collection":[{"href":"https:\/\/grow-here.com\/en\/wp-json\/wp\/v2\/pages"}],"about":[{"href":"https:\/\/grow-here.com\/en\/wp-json\/wp\/v2\/types\/page"}],"author":[{"embeddable":true,"href":"https:\/\/grow-here.com\/en\/wp-json\/wp\/v2\/users\/1"}],"replies":[{"embeddable":true,"href":"https:\/\/grow-here.com\/en\/wp-json\/wp\/v2\/comments?post=330"}],"version-history":[{"count":0,"href":"https:\/\/grow-here.com\/en\/wp-json\/wp\/v2\/pages\/330\/revisions"}],"wp:attachment":[{"href":"https:\/\/grow-here.com\/en\/wp-json\/wp\/v2\/media?parent=330"}],"curies":[{"name":"wp","href":"https:\/\/api.w.org\/{rel}","templated":true}]}}